{"id":5196,"date":"2022-09-16T12:28:26","date_gmt":"2022-09-16T15:28:26","guid":{"rendered":"https:\/\/patrulheiro-evangelista-wordpress-904373-145-223-29-15.traefik.me\/?page_id=5196"},"modified":"2022-09-16T12:54:47","modified_gmt":"2022-09-16T15:54:47","slug":"contato","status":"publish","type":"page","link":"https:\/\/patrulheiroevangelista.com.br\/?page_id=5196","title":{"rendered":"Contato"},"content":{"rendered":"\n<div class=\"wp-block-group\"><div class=\"wp-block-group__inner-container is-layout-flow wp-block-group-is-layout-flow\">\n<div class=\"wp-block-columns is-layout-flex wp-container-core-columns-is-layout-1 wp-block-columns-is-layout-flex\">\n<div class=\"wp-block-column is-layout-flow wp-block-column-is-layout-flow\"><div class=\"wp-block-image is-style-rounded\">\n<figure class=\"alignleft size-thumbnail is-resized\"><img loading=\"lazy\" decoding=\"async\" src=\"http:\/\/patrulheiro-evangelista-wordpress-904373-145-223-29-15.traefik.me\/wp-content\/uploads\/2022\/09\/Frame-875-150x150.png\" alt=\"\" class=\"wp-image-5210\" width=\"100\" height=\"100\" srcset=\"https:\/\/patrulheiroevangelista.com.br\/wp-content\/uploads\/2022\/09\/Frame-875-150x150.png 150w, https:\/\/patrulheiroevangelista.com.br\/wp-content\/uploads\/2022\/09\/Frame-875.png 300w\" sizes=\"auto, (max-width: 100px) 100vw, 100px\" \/><\/figure><\/div>\n\n\n<p style=\"font-size:36px;line-height:1.2\"><strong><strong>Joshua Evangelista<\/strong><\/strong><\/p>\n\n\n\n<p>joshuaevangelista.contato@gmail.com<\/p>\n\n\n\n<div style=\"height:100px\" aria-hidden=\"true\" class=\"wp-block-spacer\"><\/div>\n\n\n<div class=\"wp-block-image is-style-rounded\">\n<figure class=\"alignleft size-thumbnail is-resized\"><img loading=\"lazy\" decoding=\"async\" src=\"http:\/\/patrulheiro-evangelista-wordpress-904373-145-223-29-15.traefik.me\/wp-content\/uploads\/2022\/09\/Frame-875-150x150.png\" alt=\"\" class=\"wp-image-5210\" width=\"100\" height=\"100\" srcset=\"https:\/\/patrulheiroevangelista.com.br\/wp-content\/uploads\/2022\/09\/Frame-875-150x150.png 150w, https:\/\/patrulheiroevangelista.com.br\/wp-content\/uploads\/2022\/09\/Frame-875.png 300w\" sizes=\"auto, (max-width: 100px) 100vw, 100px\" \/><\/figure><\/div>\n\n\n<p style=\"font-size:36px;line-height:1.2\"><strong><strong>Patrulheiro Evangelista<\/strong><\/strong><\/p>\n\n\n\n<p>patrulheiroevangelista@gmail.com<\/p>\n<\/div>\n\n\n\n<div class=\"wp-block-column is-layout-flow wp-block-column-is-layout-flow\"><div class=\"wpforms-container wpforms-container-full wpforms-block\" id=\"wpforms-5198\"><form id=\"wpforms-form-5198\" class=\"wpforms-validate wpforms-form wpforms-ajax-form\" data-formid=\"5198\" method=\"post\" enctype=\"multipart\/form-data\" action=\"\/index.php?rest_route=%2Fwp%2Fv2%2Fpages%2F5196\" data-token=\"0a9bee6ea7ce960a4d43fd0ca24bc82c\"><div class=\"wpforms-head-container\"><div class=\"wpforms-title\">Entre em contato<\/div><div class=\"wpforms-description\">Atrav\u00e9s desse formul\u00e1rio voc\u00ea pode entrar em contato conosco sempre que precisar.<\/div><\/div><noscript class=\"wpforms-error-noscript\">Ative o JavaScript no seu navegador para preencher este formul\u00e1rio.<\/noscript><div class=\"wpforms-field-container\"><div id=\"wpforms-5198-field_0-container\" class=\"wpforms-field wpforms-field-name\" data-field-id=\"0\"><label class=\"wpforms-field-label\" for=\"wpforms-5198-field_0\">Nome <span class=\"wpforms-required-label\">*<\/span><\/label><div class=\"wpforms-field-row wpforms-field-medium\"><div class=\"wpforms-field-row-block wpforms-first wpforms-one-half\"><input type=\"text\" id=\"wpforms-5198-field_0\" class=\"wpforms-field-name-first wpforms-field-required\" name=\"wpforms[fields][0][first]\" required><label for=\"wpforms-5198-field_0\" class=\"wpforms-field-sublabel after \">Nome<\/label><\/div><div class=\"wpforms-field-row-block wpforms-one-half\"><input type=\"text\" id=\"wpforms-5198-field_0-last\" class=\"wpforms-field-name-last wpforms-field-required\" name=\"wpforms[fields][0][last]\" required><label for=\"wpforms-5198-field_0-last\" class=\"wpforms-field-sublabel after \">Sobrenome<\/label><\/div><\/div><\/div><div id=\"wpforms-5198-field_1-container\" class=\"wpforms-field wpforms-field-email\" data-field-id=\"1\"><label class=\"wpforms-field-label\" for=\"wpforms-5198-field_1\">E-mail <span class=\"wpforms-required-label\">*<\/span><\/label><input type=\"email\" id=\"wpforms-5198-field_1\" class=\"wpforms-field-medium wpforms-field-required\" name=\"wpforms[fields][1]\" spellcheck=\"false\" required><\/div><div id=\"wpforms-5198-field_3-container\" class=\"wpforms-field wpforms-field-number\" data-field-id=\"3\"><label class=\"wpforms-field-label\" for=\"wpforms-5198-field_3\">Telefone <span class=\"wpforms-required-label\">*<\/span><\/label><input type=\"number\" pattern=\"\\d*\" id=\"wpforms-5198-field_3\" class=\"wpforms-field-medium wpforms-field-required\" name=\"wpforms[fields][3]\" required><\/div><div id=\"wpforms-5198-field_2-container\" class=\"wpforms-field wpforms-field-textarea\" data-field-id=\"2\"><label class=\"wpforms-field-label\" for=\"wpforms-5198-field_2\">Coment\u00e1rio ou Mensagem <span class=\"wpforms-required-label\">*<\/span><\/label><textarea id=\"wpforms-5198-field_2\" class=\"wpforms-field-medium wpforms-field-required\" name=\"wpforms[fields][2]\" required><\/textarea><\/div><\/div><!-- .wpforms-field-container --><div class=\"wpforms-recaptcha-container wpforms-is-hcaptcha\" ><div class=\"g-recaptcha\" data-sitekey=\"37c77968-b7b2-4c76-8d6f-1838797d018a\"><\/div><input type=\"text\" name=\"g-recaptcha-hidden\" class=\"wpforms-recaptcha-hidden\" style=\"position:absolute!important;clip:rect(0,0,0,0)!important;height:1px!important;width:1px!important;border:0!important;overflow:hidden!important;padding:0!important;margin:0!important;\" data-rule-hcaptcha=\"1\"><\/div><div class=\"wpforms-submit-container\" ><input type=\"hidden\" name=\"wpforms[id]\" value=\"5198\"><input type=\"hidden\" name=\"wpforms[author]\" value=\"1\"><button type=\"submit\" name=\"wpforms[submit]\" id=\"wpforms-submit-5198\" class=\"wpforms-submit\" data-alt-text=\"Enviando...\" data-submit-text=\"Enviar\" aria-live=\"assertive\" value=\"wpforms-submit\">Enviar<\/button><img loading=\"lazy\" decoding=\"async\" src=\"https:\/\/patrulheiroevangelista.com.br\/wp-content\/plugins\/wpforms-lite\/assets\/images\/submit-spin.svg\" class=\"wpforms-submit-spinner\" style=\"display: none;\" width=\"26\" height=\"26\" alt=\"Carregando\"><\/div><\/form><\/div>  <!-- .wpforms-container --><\/div>\n<\/div>\n<\/div><\/div>\n\n\n\n<div style=\"height:31px\" aria-hidden=\"true\" class=\"wp-block-spacer\"><\/div>\n","protected":false},"excerpt":{"rendered":"<p>Joshua Evangelista joshuaevangelista.contato@gmail.com Patrulheiro Evangelista patrulheiroevangelista@gmail.com<\/p>\n","protected":false},"author":1,"featured_media":0,"parent":0,"menu_order":0,"comment_status":"closed","ping_status":"closed","template":"template\/fullwidth.php","meta":{"footnotes":""},"class_list":["post-5196","page","type-page","status-publish","hentry"],"yoast_head":"<!-- This site is optimized with the Yoast SEO plugin v26.8 - https:\/\/yoast.com\/product\/yoast-seo-wordpress\/ -->\n<title>Contato - Patrulheiro Evangelista<\/title>\n<meta name=\"robots\" content=\"index, follow, max-snippet:-1, max-image-preview:large, max-video-preview:-1\" \/>\n<link rel=\"canonical\" href=\"https:\/\/patrulheiroevangelista.com.br\/?page_id=5196\" \/>\n<meta property=\"og:locale\" content=\"pt_BR\" \/>\n<meta property=\"og:type\" content=\"article\" \/>\n<meta property=\"og:title\" content=\"Contato - Patrulheiro Evangelista\" \/>\n<meta property=\"og:description\" content=\"Joshua Evangelista joshuaevangelista.contato@gmail.com Patrulheiro Evangelista patrulheiroevangelista@gmail.com\" \/>\n<meta property=\"og:url\" content=\"https:\/\/patrulheiroevangelista.com.br\/?page_id=5196\" \/>\n<meta property=\"og:site_name\" content=\"Patrulheiro Evangelista\" \/>\n<meta property=\"article:publisher\" content=\"https:\/\/www.facebook.com\/patrulheiroevangelista\" \/>\n<meta property=\"article:modified_time\" content=\"2022-09-16T15:54:47+00:00\" \/>\n<meta property=\"og:image\" content=\"http:\/\/patrulheiro-evangelista-wordpress-904373-145-223-29-15.traefik.me\/wp-content\/uploads\/2022\/09\/Frame-875-150x150.png\" \/>\n<meta name=\"twitter:card\" content=\"summary_large_image\" \/>\n<script type=\"application\/ld+json\" class=\"yoast-schema-graph\">{\"@context\":\"https:\/\/schema.org\",\"@graph\":[{\"@type\":\"WebPage\",\"@id\":\"https:\/\/patrulheiroevangelista.com.br\/?page_id=5196\",\"url\":\"https:\/\/patrulheiroevangelista.com.br\/?page_id=5196\",\"name\":\"Contato - Patrulheiro Evangelista\",\"isPartOf\":{\"@id\":\"https:\/\/patrulheiroevangelista.com.br\/#website\"},\"primaryImageOfPage\":{\"@id\":\"https:\/\/patrulheiroevangelista.com.br\/?page_id=5196#primaryimage\"},\"image\":{\"@id\":\"https:\/\/patrulheiroevangelista.com.br\/?page_id=5196#primaryimage\"},\"thumbnailUrl\":\"http:\/\/patrulheiro-evangelista-wordpress-904373-145-223-29-15.traefik.me\/wp-content\/uploads\/2022\/09\/Frame-875-150x150.png\",\"datePublished\":\"2022-09-16T15:28:26+00:00\",\"dateModified\":\"2022-09-16T15:54:47+00:00\",\"breadcrumb\":{\"@id\":\"https:\/\/patrulheiroevangelista.com.br\/?page_id=5196#breadcrumb\"},\"inLanguage\":\"pt-BR\",\"potentialAction\":[{\"@type\":\"ReadAction\",\"target\":[\"https:\/\/patrulheiroevangelista.com.br\/?page_id=5196\"]}]},{\"@type\":\"ImageObject\",\"inLanguage\":\"pt-BR\",\"@id\":\"https:\/\/patrulheiroevangelista.com.br\/?page_id=5196#primaryimage\",\"url\":\"http:\/\/patrulheiro-evangelista-wordpress-904373-145-223-29-15.traefik.me\/wp-content\/uploads\/2022\/09\/Frame-875-150x150.png\",\"contentUrl\":\"http:\/\/patrulheiro-evangelista-wordpress-904373-145-223-29-15.traefik.me\/wp-content\/uploads\/2022\/09\/Frame-875-150x150.png\"},{\"@type\":\"BreadcrumbList\",\"@id\":\"https:\/\/patrulheiroevangelista.com.br\/?page_id=5196#breadcrumb\",\"itemListElement\":[{\"@type\":\"ListItem\",\"position\":1,\"name\":\"In\u00edcio\",\"item\":\"https:\/\/patrulheiroevangelista.com.br\/\"},{\"@type\":\"ListItem\",\"position\":2,\"name\":\"Contato\"}]},{\"@type\":\"WebSite\",\"@id\":\"https:\/\/patrulheiroevangelista.com.br\/#website\",\"url\":\"https:\/\/patrulheiroevangelista.com.br\/\",\"name\":\"Patrulheiro Evangelista\",\"description\":\"\",\"publisher\":{\"@id\":\"https:\/\/patrulheiroevangelista.com.br\/#organization\"},\"potentialAction\":[{\"@type\":\"SearchAction\",\"target\":{\"@type\":\"EntryPoint\",\"urlTemplate\":\"https:\/\/patrulheiroevangelista.com.br\/?s={search_term_string}\"},\"query-input\":{\"@type\":\"PropertyValueSpecification\",\"valueRequired\":true,\"valueName\":\"search_term_string\"}}],\"inLanguage\":\"pt-BR\"},{\"@type\":\"Organization\",\"@id\":\"https:\/\/patrulheiroevangelista.com.br\/#organization\",\"name\":\"Patrulheiro Evangelista\",\"url\":\"https:\/\/patrulheiroevangelista.com.br\/\",\"logo\":{\"@type\":\"ImageObject\",\"inLanguage\":\"pt-BR\",\"@id\":\"https:\/\/patrulheiroevangelista.com.br\/#\/schema\/logo\/image\/\",\"url\":\"https:\/\/patrulheiroevangelista.com.br\/wp-content\/uploads\/2022\/09\/cropped-cropped-1-300x169-1-1.png\",\"contentUrl\":\"https:\/\/patrulheiroevangelista.com.br\/wp-content\/uploads\/2022\/09\/cropped-cropped-1-300x169-1-1.png\",\"width\":183,\"height\":103,\"caption\":\"Patrulheiro Evangelista\"},\"image\":{\"@id\":\"https:\/\/patrulheiroevangelista.com.br\/#\/schema\/logo\/image\/\"},\"sameAs\":[\"https:\/\/www.facebook.com\/patrulheiroevangelista\",\"https:\/\/www.instagram.com\/patrulheiro.evangelista\/\"]}]}<\/script>\n<!-- \/ Yoast SEO plugin. -->","yoast_head_json":{"title":"Contato - Patrulheiro Evangelista","robots":{"index":"index","follow":"follow","max-snippet":"max-snippet:-1","max-image-preview":"max-image-preview:large","max-video-preview":"max-video-preview:-1"},"canonical":"https:\/\/patrulheiroevangelista.com.br\/?page_id=5196","og_locale":"pt_BR","og_type":"article","og_title":"Contato - Patrulheiro Evangelista","og_description":"Joshua Evangelista joshuaevangelista.contato@gmail.com Patrulheiro Evangelista patrulheiroevangelista@gmail.com","og_url":"https:\/\/patrulheiroevangelista.com.br\/?page_id=5196","og_site_name":"Patrulheiro Evangelista","article_publisher":"https:\/\/www.facebook.com\/patrulheiroevangelista","article_modified_time":"2022-09-16T15:54:47+00:00","og_image":[{"url":"http:\/\/patrulheiro-evangelista-wordpress-904373-145-223-29-15.traefik.me\/wp-content\/uploads\/2022\/09\/Frame-875-150x150.png","type":"","width":"","height":""}],"twitter_card":"summary_large_image","schema":{"@context":"https:\/\/schema.org","@graph":[{"@type":"WebPage","@id":"https:\/\/patrulheiroevangelista.com.br\/?page_id=5196","url":"https:\/\/patrulheiroevangelista.com.br\/?page_id=5196","name":"Contato - Patrulheiro Evangelista","isPartOf":{"@id":"https:\/\/patrulheiroevangelista.com.br\/#website"},"primaryImageOfPage":{"@id":"https:\/\/patrulheiroevangelista.com.br\/?page_id=5196#primaryimage"},"image":{"@id":"https:\/\/patrulheiroevangelista.com.br\/?page_id=5196#primaryimage"},"thumbnailUrl":"http:\/\/patrulheiro-evangelista-wordpress-904373-145-223-29-15.traefik.me\/wp-content\/uploads\/2022\/09\/Frame-875-150x150.png","datePublished":"2022-09-16T15:28:26+00:00","dateModified":"2022-09-16T15:54:47+00:00","breadcrumb":{"@id":"https:\/\/patrulheiroevangelista.com.br\/?page_id=5196#breadcrumb"},"inLanguage":"pt-BR","potentialAction":[{"@type":"ReadAction","target":["https:\/\/patrulheiroevangelista.com.br\/?page_id=5196"]}]},{"@type":"ImageObject","inLanguage":"pt-BR","@id":"https:\/\/patrulheiroevangelista.com.br\/?page_id=5196#primaryimage","url":"http:\/\/patrulheiro-evangelista-wordpress-904373-145-223-29-15.traefik.me\/wp-content\/uploads\/2022\/09\/Frame-875-150x150.png","contentUrl":"http:\/\/patrulheiro-evangelista-wordpress-904373-145-223-29-15.traefik.me\/wp-content\/uploads\/2022\/09\/Frame-875-150x150.png"},{"@type":"BreadcrumbList","@id":"https:\/\/patrulheiroevangelista.com.br\/?page_id=5196#breadcrumb","itemListElement":[{"@type":"ListItem","position":1,"name":"In\u00edcio","item":"https:\/\/patrulheiroevangelista.com.br\/"},{"@type":"ListItem","position":2,"name":"Contato"}]},{"@type":"WebSite","@id":"https:\/\/patrulheiroevangelista.com.br\/#website","url":"https:\/\/patrulheiroevangelista.com.br\/","name":"Patrulheiro Evangelista","description":"","publisher":{"@id":"https:\/\/patrulheiroevangelista.com.br\/#organization"},"potentialAction":[{"@type":"SearchAction","target":{"@type":"EntryPoint","urlTemplate":"https:\/\/patrulheiroevangelista.com.br\/?s={search_term_string}"},"query-input":{"@type":"PropertyValueSpecification","valueRequired":true,"valueName":"search_term_string"}}],"inLanguage":"pt-BR"},{"@type":"Organization","@id":"https:\/\/patrulheiroevangelista.com.br\/#organization","name":"Patrulheiro Evangelista","url":"https:\/\/patrulheiroevangelista.com.br\/","logo":{"@type":"ImageObject","inLanguage":"pt-BR","@id":"https:\/\/patrulheiroevangelista.com.br\/#\/schema\/logo\/image\/","url":"https:\/\/patrulheiroevangelista.com.br\/wp-content\/uploads\/2022\/09\/cropped-cropped-1-300x169-1-1.png","contentUrl":"https:\/\/patrulheiroevangelista.com.br\/wp-content\/uploads\/2022\/09\/cropped-cropped-1-300x169-1-1.png","width":183,"height":103,"caption":"Patrulheiro Evangelista"},"image":{"@id":"https:\/\/patrulheiroevangelista.com.br\/#\/schema\/logo\/image\/"},"sameAs":["https:\/\/www.facebook.com\/patrulheiroevangelista","https:\/\/www.instagram.com\/patrulheiro.evangelista\/"]}]}},"_links":{"self":[{"href":"https:\/\/patrulheiroevangelista.com.br\/index.php?rest_route=\/wp\/v2\/pages\/5196","targetHints":{"allow":["GET"]}}],"collection":[{"href":"https:\/\/patrulheiroevangelista.com.br\/index.php?rest_route=\/wp\/v2\/pages"}],"about":[{"href":"https:\/\/patrulheiroevangelista.com.br\/index.php?rest_route=\/wp\/v2\/types\/page"}],"author":[{"embeddable":true,"href":"https:\/\/patrulheiroevangelista.com.br\/index.php?rest_route=\/wp\/v2\/users\/1"}],"replies":[{"embeddable":true,"href":"https:\/\/patrulheiroevangelista.com.br\/index.php?rest_route=%2Fwp%2Fv2%2Fcomments&post=5196"}],"version-history":[{"count":25,"href":"https:\/\/patrulheiroevangelista.com.br\/index.php?rest_route=\/wp\/v2\/pages\/5196\/revisions"}],"predecessor-version":[{"id":5233,"href":"https:\/\/patrulheiroevangelista.com.br\/index.php?rest_route=\/wp\/v2\/pages\/5196\/revisions\/5233"}],"wp:attachment":[{"href":"https:\/\/patrulheiroevangelista.com.br\/index.php?rest_route=%2Fwp%2Fv2%2Fmedia&parent=5196"}],"curies":[{"name":"wp","href":"https:\/\/api.w.org\/{rel}","templated":true}]}}